{"id":2522,"date":"2026-03-23T17:18:38","date_gmt":"2026-03-23T16:18:38","guid":{"rendered":"https:\/\/agnr-renov.fr\/?page_id=2522"},"modified":"2026-04-29T08:49:29","modified_gmt":"2026-04-29T06:49:29","slug":"agnr-renovation-yvelines-78","status":"publish","type":"page","link":"https:\/\/agnr-renov.fr\/","title":{"rendered":"AGNR R\u00e9novation Yvelines 78"},"content":{"rendered":"\t\t<div data-elementor-type=\"wp-page\" data-elementor-id=\"2522\" class=\"elementor elementor-2522\">\n\t\t\t\t\t\t<section class=\"elementor-section elementor-top-section elementor-element elementor-element-10084bc elementor-section-full_width elementor-section-height-default elementor-section-height-default\" data-id=\"10084bc\" data-element_type=\"section\" data-e-type=\"section\" data-settings=\"{&quot;background_background&quot;:&quot;classic&quot;}\">\n\t\t\t\t\t\t<div class=\"elementor-container elementor-column-gap-default\">\n\t\t\t\t\t<div class=\"elementor-column elementor-col-100 elementor-top-column elementor-element elementor-element-ec48b04\" data-id=\"ec48b04\" data-element_type=\"column\" data-e-type=\"column\">\n\t\t\t<div class=\"elementor-widget-wrap elementor-element-populated\">\n\t\t\t\t\t\t<div class=\"elementor-element elementor-element-e1bf0d7 elementor-widget elementor-widget-text-editor\" data-id=\"e1bf0d7\" data-element_type=\"widget\" data-e-type=\"widget\" data-widget_type=\"text-editor.default\">\n\t\t\t\t<div class=\"elementor-widget-container\">\n\t\t\t\t\t\t\t\t\t<p class=\"font-claude-response-body break-words whitespace-normal leading-[1.7]\"><strong>AGNR R\u00e9nov <\/strong>entreprise r\u00e9novation d&rsquo;int\u00e9rieur dans les<strong> Yvelines <\/strong>intervient dans tout <strong>l&rsquo;ouest parisien et sur l&rsquo;ensemble de l&rsquo;\u00cele-de-France.<\/strong><\/p><p class=\"font-claude-response-body break-words whitespace-normal leading-[1.7]\">Carrelage, peinture, travaux d&rsquo;int\u00e9rieur, r\u00e9organisation d&rsquo;espaces\u2026 Nous nous d\u00e9pla\u00e7ons pour tous vos projets, petits ou grands chantiers.<\/p><p class=\"font-claude-response-body break-words whitespace-normal leading-[1.7]\"><strong>Contactez-nous pour un devis gratuit,<\/strong>\u00a0par t\u00e9l\u00e9phone 07 69 43 15 36<br \/>ou via notre page <a href=\"https:\/\/agnr-renov.fr\/index.php\/contact\/\">Contact.<\/a><\/p>\t\t\t\t\t\t\t\t<\/div>\n\t\t\t\t<\/div>\n\t\t\t\t\t<\/div>\n\t\t<\/div>\n\t\t\t\t\t<\/div>\n\t\t<\/section>\n\t\t\t\t<section class=\"elementor-section elementor-top-section elementor-element elementor-element-ea490be elementor-section-boxed elementor-section-height-default elementor-section-height-default\" data-id=\"ea490be\" data-element_type=\"section\" data-e-type=\"section\" data-settings=\"{&quot;background_background&quot;:&quot;classic&quot;}\">\n\t\t\t\t\t\t<div class=\"elementor-container elementor-column-gap-default\">\n\t\t\t\t\t<div class=\"elementor-column elementor-col-33 elementor-top-column elementor-element elementor-element-d7aa0d3\" data-id=\"d7aa0d3\" data-element_type=\"column\" data-e-type=\"column\">\n\t\t\t<div class=\"elementor-widget-wrap elementor-element-populated\">\n\t\t\t\t\t\t<div class=\"elementor-element elementor-element-62be156 elementor-widget elementor-widget-image\" data-id=\"62be156\" data-element_type=\"widget\" data-e-type=\"widget\" data-widget_type=\"image.default\">\n\t\t\t\t<div class=\"elementor-widget-container\">\n\t\t\t\t\t\t\t\t\t\t\t\t\t\t\t\t<a href=\"https:\/\/agnr-renov.fr\/index.php\/services\/\">\n\t\t\t\t\t\t\t<img decoding=\"async\" src=\"https:\/\/agnr-renov.fr\/wp-content\/uploads\/2026\/03\/Design-sans-titre-10.png\" title=\"Artisan carreleur d\u00e9coupe carrelage Versailles Yvelines AGNR RENOV\" alt=\"Pose carrelage artisan Versailles Yvelines AGNR RENOV d\u00e9coupe carrelage\" loading=\"lazy\" \/>\t\t\t\t\t\t\t\t<\/a>\n\t\t\t\t\t\t\t\t\t\t\t\t\t\t\t<\/div>\n\t\t\t\t<\/div>\n\t\t\t\t<div class=\"elementor-element elementor-element-0195cd5 elementor-widget elementor-widget-heading\" data-id=\"0195cd5\" data-element_type=\"widget\" data-e-type=\"widget\" data-widget_type=\"heading.default\">\n\t\t\t\t<div class=\"elementor-widget-container\">\n\t\t\t\t\t<h2 class=\"elementor-heading-title elementor-size-default\"><a href=\"https:\/\/agnr-renov.fr\/index.php\/services\/\">Services<\/a><\/h2>\t\t\t\t<\/div>\n\t\t\t\t<\/div>\n\t\t\t\t\t<\/div>\n\t\t<\/div>\n\t\t\t\t<div class=\"elementor-column elementor-col-33 elementor-top-column elementor-element elementor-element-5b1fcdb\" data-id=\"5b1fcdb\" data-element_type=\"column\" data-e-type=\"column\">\n\t\t\t<div class=\"elementor-widget-wrap elementor-element-populated\">\n\t\t\t\t\t\t<div class=\"elementor-element elementor-element-fcdf10e elementor-widget elementor-widget-image\" data-id=\"fcdf10e\" data-element_type=\"widget\" data-e-type=\"widget\" data-widget_type=\"image.default\">\n\t\t\t\t<div class=\"elementor-widget-container\">\n\t\t\t\t\t\t\t\t\t\t\t\t\t\t\t\t<a href=\"https:\/\/agnr-renov.fr\/index.php\/contact\/\">\n\t\t\t\t\t\t\t<img decoding=\"async\" src=\"https:\/\/agnr-renov.fr\/wp-content\/uploads\/2026\/03\/Design-sans-titre-11.png\" title=\"Devis r\u00e9novation int\u00e9rieur Versailles Yvelines AGNR RENOV\" alt=\"Devis r\u00e9novation int\u00e9rieur Yvelines artisan menuiserie AGNR RENOV Versailles\" loading=\"lazy\" \/>\t\t\t\t\t\t\t\t<\/a>\n\t\t\t\t\t\t\t\t\t\t\t\t\t\t\t<\/div>\n\t\t\t\t<\/div>\n\t\t\t\t<div class=\"elementor-element elementor-element-12a5b9b elementor-widget elementor-widget-heading\" data-id=\"12a5b9b\" data-element_type=\"widget\" data-e-type=\"widget\" data-widget_type=\"heading.default\">\n\t\t\t\t<div class=\"elementor-widget-container\">\n\t\t\t\t\t<h2 class=\"elementor-heading-title elementor-size-default\"><a href=\"https:\/\/agnr-renov.fr\/index.php\/contact\/\">Devis<\/a><\/h2>\t\t\t\t<\/div>\n\t\t\t\t<\/div>\n\t\t\t\t\t<\/div>\n\t\t<\/div>\n\t\t\t\t<div class=\"elementor-column elementor-col-33 elementor-top-column elementor-element elementor-element-eac7bae\" data-id=\"eac7bae\" data-element_type=\"column\" data-e-type=\"column\">\n\t\t\t<div class=\"elementor-widget-wrap elementor-element-populated\">\n\t\t\t\t\t\t<div class=\"elementor-element elementor-element-52ae746 elementor-widget elementor-widget-image\" data-id=\"52ae746\" data-element_type=\"widget\" data-e-type=\"widget\" data-widget_type=\"image.default\">\n\t\t\t\t<div class=\"elementor-widget-container\">\n\t\t\t\t\t\t\t\t\t\t\t\t\t\t\t\t<a href=\"https:\/\/agnr-renov.fr\/index.php\/realisations\/\">\n\t\t\t\t\t\t\t<img decoding=\"async\" src=\"https:\/\/agnr-renov.fr\/wp-content\/uploads\/2026\/03\/Design-sans-titre-13.png\" title=\"Menuiserie escalier bois Versailles Yvelines AGNR RENOV\" alt=\"Menuiserie escalier bois r\u00e9novation int\u00e9rieur Versailles AGNR RENOV Yvelines\" loading=\"lazy\" \/>\t\t\t\t\t\t\t\t<\/a>\n\t\t\t\t\t\t\t\t\t\t\t\t\t\t\t<\/div>\n\t\t\t\t<\/div>\n\t\t\t\t<div class=\"elementor-element elementor-element-c0a900d elementor-widget elementor-widget-heading\" data-id=\"c0a900d\" data-element_type=\"widget\" data-e-type=\"widget\" data-widget_type=\"heading.default\">\n\t\t\t\t<div class=\"elementor-widget-container\">\n\t\t\t\t\t<h2 class=\"elementor-heading-title elementor-size-default\"><a href=\"https:\/\/agnr-renov.fr\/index.php\/realisations\/\">R\u00e9alisations<\/a><\/h2>\t\t\t\t<\/div>\n\t\t\t\t<\/div>\n\t\t\t\t\t<\/div>\n\t\t<\/div>\n\t\t\t\t\t<\/div>\n\t\t<\/section>\n\t\t\t\t<\/div>\n\t\t","protected":false},"excerpt":{"rendered":"<p>AGNR R\u00e9nov entreprise r\u00e9novation d&rsquo;int\u00e9rieur dans les Yvelines intervient dans tout l&rsquo;ouest parisien et sur l&rsquo;ensemble de l&rsquo;\u00cele-de-France. Carrelage, peinture, travaux d&rsquo;int\u00e9rieur, r\u00e9organisation d&rsquo;espaces\u2026 Nous nous d\u00e9pla\u00e7ons pour tous vos projets, petits ou grands chantiers. Contactez-nous pour un devis gratuit,\u00a0par t\u00e9l\u00e9phone 07 69 43 15 36ou via notre page Contact. Services Devis R\u00e9alisations<\/p>\n","protected":false},"author":2,"featured_media":0,"parent":0,"menu_order":0,"comment_status":"closed","ping_status":"closed","template":"","meta":{"site-sidebar-layout":"no-sidebar","site-content-layout":"page-builder","ast-global-header-display":"","ast-main-header-display":"","ast-hfb-above-header-display":"","ast-hfb-below-header-display":"","ast-hfb-mobile-header-display":"","site-post-title":"disabled","ast-breadcrumbs-content":"","ast-featured-img":"disabled","footer-sml-layout":"","theme-transparent-header-meta":"","adv-header-id-meta":"","stick-header-meta":"","header-above-stick-meta":"","header-main-stick-meta":"","header-below-stick-meta":"","footnotes":""},"class_list":["post-2522","page","type-page","status-publish","hentry"],"yoast_head":"<!-- This site is optimized with the Yoast SEO plugin v27.5 - https:\/\/yoast.com\/product\/yoast-seo-wordpress\/ -->\n<title>AGNR R\u00e9nov | Entreprise r\u00e9novation int\u00e9rieur \u00cele-de-France<\/title>\n<meta name=\"description\" content=\"AGNR R\u00e9nov, entreprise de r\u00e9novation int\u00e9rieure en \u00cele-de-France. Carrelage, peinture, am\u00e9nagement d&#039;espaces. Devis gratuit sur demande.\" \/>\n<meta name=\"robots\" content=\"index, follow, max-snippet:-1, max-image-preview:large, max-video-preview:-1\" \/>\n<link rel=\"canonical\" href=\"https:\/\/agnr-renov.fr\/\" \/>\n<meta property=\"og:locale\" content=\"fr_FR\" \/>\n<meta property=\"og:type\" content=\"article\" \/>\n<meta property=\"og:title\" content=\"AGNR R\u00e9nov | Entreprise r\u00e9novation int\u00e9rieur \u00cele-de-France\" \/>\n<meta property=\"og:description\" content=\"AGNR R\u00e9nov, entreprise de r\u00e9novation int\u00e9rieure en \u00cele-de-France. Carrelage, peinture, am\u00e9nagement d&#039;espaces. Devis gratuit sur demande.\" \/>\n<meta property=\"og:url\" content=\"https:\/\/agnr-renov.fr\/\" \/>\n<meta property=\"og:site_name\" content=\"AGNR Renov\" \/>\n<meta property=\"article:modified_time\" content=\"2026-04-29T06:49:29+00:00\" \/>\n<meta property=\"og:image\" content=\"http:\/\/agnr-renov.fr\/wp-content\/uploads\/elementor\/thumbs\/Design-sans-titre-10-rkxuptqiwppi48aw34at29knoyhqyzaks922zaa81s.png\" \/>\n<meta name=\"twitter:card\" content=\"summary_large_image\" \/>\n<meta name=\"twitter:label1\" content=\"Dur\u00e9e de lecture estim\u00e9e\" \/>\n\t<meta name=\"twitter:data1\" content=\"1 minute\" \/>\n<script type=\"application\/ld+json\" class=\"yoast-schema-graph\">{\"@context\":\"https:\\\/\\\/schema.org\",\"@graph\":[{\"@type\":\"WebPage\",\"@id\":\"https:\\\/\\\/agnr-renov.fr\\\/\",\"url\":\"https:\\\/\\\/agnr-renov.fr\\\/\",\"name\":\"AGNR R\u00e9nov | Entreprise r\u00e9novation int\u00e9rieur \u00cele-de-France\",\"isPartOf\":{\"@id\":\"https:\\\/\\\/agnr-renov.fr\\\/#website\"},\"primaryImageOfPage\":{\"@id\":\"https:\\\/\\\/agnr-renov.fr\\\/#primaryimage\"},\"image\":{\"@id\":\"https:\\\/\\\/agnr-renov.fr\\\/#primaryimage\"},\"thumbnailUrl\":\"http:\\\/\\\/agnr-renov.fr\\\/wp-content\\\/uploads\\\/elementor\\\/thumbs\\\/Design-sans-titre-10-rkxuptqiwppi48aw34at29knoyhqyzaks922zaa81s.png\",\"datePublished\":\"2026-03-23T16:18:38+00:00\",\"dateModified\":\"2026-04-29T06:49:29+00:00\",\"description\":\"AGNR R\u00e9nov, entreprise de r\u00e9novation int\u00e9rieure en \u00cele-de-France. Carrelage, peinture, am\u00e9nagement d'espaces. Devis gratuit sur demande.\",\"breadcrumb\":{\"@id\":\"https:\\\/\\\/agnr-renov.fr\\\/#breadcrumb\"},\"inLanguage\":\"fr-FR\",\"potentialAction\":[{\"@type\":\"ReadAction\",\"target\":[\"https:\\\/\\\/agnr-renov.fr\\\/\"]}]},{\"@type\":\"ImageObject\",\"inLanguage\":\"fr-FR\",\"@id\":\"https:\\\/\\\/agnr-renov.fr\\\/#primaryimage\",\"url\":\"http:\\\/\\\/agnr-renov.fr\\\/wp-content\\\/uploads\\\/elementor\\\/thumbs\\\/Design-sans-titre-10-rkxuptqiwppi48aw34at29knoyhqyzaks922zaa81s.png\",\"contentUrl\":\"http:\\\/\\\/agnr-renov.fr\\\/wp-content\\\/uploads\\\/elementor\\\/thumbs\\\/Design-sans-titre-10-rkxuptqiwppi48aw34at29knoyhqyzaks922zaa81s.png\"},{\"@type\":\"BreadcrumbList\",\"@id\":\"https:\\\/\\\/agnr-renov.fr\\\/#breadcrumb\",\"itemListElement\":[{\"@type\":\"ListItem\",\"position\":1,\"name\":\"Home\",\"item\":\"https:\\\/\\\/agnr-renov.fr\\\/\"},{\"@type\":\"ListItem\",\"position\":2,\"name\":\"AGNR R\u00e9novation Yvelines 78\"}]},{\"@type\":\"WebSite\",\"@id\":\"https:\\\/\\\/agnr-renov.fr\\\/#website\",\"url\":\"https:\\\/\\\/agnr-renov.fr\\\/\",\"name\":\"AGNR Renov\",\"description\":\"AGNR Renov\",\"publisher\":{\"@id\":\"https:\\\/\\\/agnr-renov.fr\\\/#organization\"},\"potentialAction\":[{\"@type\":\"SearchAction\",\"target\":{\"@type\":\"EntryPoint\",\"urlTemplate\":\"https:\\\/\\\/agnr-renov.fr\\\/?s={search_term_string}\"},\"query-input\":{\"@type\":\"PropertyValueSpecification\",\"valueRequired\":true,\"valueName\":\"search_term_string\"}}],\"inLanguage\":\"fr-FR\"},{\"@type\":\"Organization\",\"@id\":\"https:\\\/\\\/agnr-renov.fr\\\/#organization\",\"name\":\"AGNR Renov\",\"url\":\"https:\\\/\\\/agnr-renov.fr\\\/\",\"logo\":{\"@type\":\"ImageObject\",\"inLanguage\":\"fr-FR\",\"@id\":\"https:\\\/\\\/agnr-renov.fr\\\/#\\\/schema\\\/logo\\\/image\\\/\",\"url\":\"http:\\\/\\\/agnr-renov.fr\\\/wp-content\\\/uploads\\\/2022\\\/11\\\/IMG-20221122-WA0001-removebg-preview.png\",\"contentUrl\":\"http:\\\/\\\/agnr-renov.fr\\\/wp-content\\\/uploads\\\/2022\\\/11\\\/IMG-20221122-WA0001-removebg-preview.png\",\"width\":543,\"height\":459,\"caption\":\"AGNR Renov\"},\"image\":{\"@id\":\"https:\\\/\\\/agnr-renov.fr\\\/#\\\/schema\\\/logo\\\/image\\\/\"}}]}<\/script>\n<!-- \/ Yoast SEO plugin. -->","yoast_head_json":{"title":"AGNR R\u00e9nov | Entreprise r\u00e9novation int\u00e9rieur \u00cele-de-France","description":"AGNR R\u00e9nov, entreprise de r\u00e9novation int\u00e9rieure en \u00cele-de-France. Carrelage, peinture, am\u00e9nagement d'espaces. Devis gratuit sur demande.","robots":{"index":"index","follow":"follow","max-snippet":"max-snippet:-1","max-image-preview":"max-image-preview:large","max-video-preview":"max-video-preview:-1"},"canonical":"https:\/\/agnr-renov.fr\/","og_locale":"fr_FR","og_type":"article","og_title":"AGNR R\u00e9nov | Entreprise r\u00e9novation int\u00e9rieur \u00cele-de-France","og_description":"AGNR R\u00e9nov, entreprise de r\u00e9novation int\u00e9rieure en \u00cele-de-France. Carrelage, peinture, am\u00e9nagement d'espaces. Devis gratuit sur demande.","og_url":"https:\/\/agnr-renov.fr\/","og_site_name":"AGNR Renov","article_modified_time":"2026-04-29T06:49:29+00:00","og_image":[{"url":"http:\/\/agnr-renov.fr\/wp-content\/uploads\/elementor\/thumbs\/Design-sans-titre-10-rkxuptqiwppi48aw34at29knoyhqyzaks922zaa81s.png","type":"","width":"","height":""}],"twitter_card":"summary_large_image","twitter_misc":{"Dur\u00e9e de lecture estim\u00e9e":"1 minute"},"schema":{"@context":"https:\/\/schema.org","@graph":[{"@type":"WebPage","@id":"https:\/\/agnr-renov.fr\/","url":"https:\/\/agnr-renov.fr\/","name":"AGNR R\u00e9nov | Entreprise r\u00e9novation int\u00e9rieur \u00cele-de-France","isPartOf":{"@id":"https:\/\/agnr-renov.fr\/#website"},"primaryImageOfPage":{"@id":"https:\/\/agnr-renov.fr\/#primaryimage"},"image":{"@id":"https:\/\/agnr-renov.fr\/#primaryimage"},"thumbnailUrl":"http:\/\/agnr-renov.fr\/wp-content\/uploads\/elementor\/thumbs\/Design-sans-titre-10-rkxuptqiwppi48aw34at29knoyhqyzaks922zaa81s.png","datePublished":"2026-03-23T16:18:38+00:00","dateModified":"2026-04-29T06:49:29+00:00","description":"AGNR R\u00e9nov, entreprise de r\u00e9novation int\u00e9rieure en \u00cele-de-France. Carrelage, peinture, am\u00e9nagement d'espaces. Devis gratuit sur demande.","breadcrumb":{"@id":"https:\/\/agnr-renov.fr\/#breadcrumb"},"inLanguage":"fr-FR","potentialAction":[{"@type":"ReadAction","target":["https:\/\/agnr-renov.fr\/"]}]},{"@type":"ImageObject","inLanguage":"fr-FR","@id":"https:\/\/agnr-renov.fr\/#primaryimage","url":"http:\/\/agnr-renov.fr\/wp-content\/uploads\/elementor\/thumbs\/Design-sans-titre-10-rkxuptqiwppi48aw34at29knoyhqyzaks922zaa81s.png","contentUrl":"http:\/\/agnr-renov.fr\/wp-content\/uploads\/elementor\/thumbs\/Design-sans-titre-10-rkxuptqiwppi48aw34at29knoyhqyzaks922zaa81s.png"},{"@type":"BreadcrumbList","@id":"https:\/\/agnr-renov.fr\/#breadcrumb","itemListElement":[{"@type":"ListItem","position":1,"name":"Home","item":"https:\/\/agnr-renov.fr\/"},{"@type":"ListItem","position":2,"name":"AGNR R\u00e9novation Yvelines 78"}]},{"@type":"WebSite","@id":"https:\/\/agnr-renov.fr\/#website","url":"https:\/\/agnr-renov.fr\/","name":"AGNR Renov","description":"AGNR Renov","publisher":{"@id":"https:\/\/agnr-renov.fr\/#organization"},"potentialAction":[{"@type":"SearchAction","target":{"@type":"EntryPoint","urlTemplate":"https:\/\/agnr-renov.fr\/?s={search_term_string}"},"query-input":{"@type":"PropertyValueSpecification","valueRequired":true,"valueName":"search_term_string"}}],"inLanguage":"fr-FR"},{"@type":"Organization","@id":"https:\/\/agnr-renov.fr\/#organization","name":"AGNR Renov","url":"https:\/\/agnr-renov.fr\/","logo":{"@type":"ImageObject","inLanguage":"fr-FR","@id":"https:\/\/agnr-renov.fr\/#\/schema\/logo\/image\/","url":"http:\/\/agnr-renov.fr\/wp-content\/uploads\/2022\/11\/IMG-20221122-WA0001-removebg-preview.png","contentUrl":"http:\/\/agnr-renov.fr\/wp-content\/uploads\/2022\/11\/IMG-20221122-WA0001-removebg-preview.png","width":543,"height":459,"caption":"AGNR Renov"},"image":{"@id":"https:\/\/agnr-renov.fr\/#\/schema\/logo\/image\/"}}]}},"_links":{"self":[{"href":"https:\/\/agnr-renov.fr\/index.php\/wp-json\/wp\/v2\/pages\/2522","targetHints":{"allow":["GET"]}}],"collection":[{"href":"https:\/\/agnr-renov.fr\/index.php\/wp-json\/wp\/v2\/pages"}],"about":[{"href":"https:\/\/agnr-renov.fr\/index.php\/wp-json\/wp\/v2\/types\/page"}],"author":[{"embeddable":true,"href":"https:\/\/agnr-renov.fr\/index.php\/wp-json\/wp\/v2\/users\/2"}],"replies":[{"embeddable":true,"href":"https:\/\/agnr-renov.fr\/index.php\/wp-json\/wp\/v2\/comments?post=2522"}],"version-history":[{"count":62,"href":"https:\/\/agnr-renov.fr\/index.php\/wp-json\/wp\/v2\/pages\/2522\/revisions"}],"predecessor-version":[{"id":3299,"href":"https:\/\/agnr-renov.fr\/index.php\/wp-json\/wp\/v2\/pages\/2522\/revisions\/3299"}],"wp:attachment":[{"href":"https:\/\/agnr-renov.fr\/index.php\/wp-json\/wp\/v2\/media?parent=2522"}],"curies":[{"name":"wp","href":"https:\/\/api.w.org\/{rel}","templated":true}]}}