{"id":827,"date":"2022-10-23T11:59:19","date_gmt":"2022-10-23T09:59:19","guid":{"rendered":"https:\/\/agnr-renov.fr\/?page_id=827"},"modified":"2022-10-23T12:04:07","modified_gmt":"2022-10-23T10:04:07","slug":"mentions-legales-agnr","status":"publish","type":"page","link":"https:\/\/agnr-renov.fr\/index.php\/mentions-legales-agnr\/","title":{"rendered":"Mentions l\u00e9gales AGNR"},"content":{"rendered":"\t\t<div data-elementor-type=\"wp-page\" data-elementor-id=\"827\" class=\"elementor elementor-827\">\n\t\t\t\t\t\t<section class=\"elementor-section elementor-top-section elementor-element elementor-element-1227cbf2 elementor-section-boxed elementor-section-height-default elementor-section-height-default\" data-id=\"1227cbf2\" data-element_type=\"section\" data-e-type=\"section\">\n\t\t\t\t\t\t<div class=\"elementor-container elementor-column-gap-default\">\n\t\t\t\t\t<div class=\"elementor-column elementor-col-100 elementor-top-column elementor-element elementor-element-3a0c9e8f\" data-id=\"3a0c9e8f\" data-element_type=\"column\" data-e-type=\"column\">\n\t\t\t<div class=\"elementor-widget-wrap elementor-element-populated\">\n\t\t\t\t\t\t<div class=\"elementor-element elementor-element-35e8b5e1 elementor-widget elementor-widget-text-editor\" data-id=\"35e8b5e1\" data-element_type=\"widget\" data-e-type=\"widget\" data-widget_type=\"text-editor.default\">\n\t\t\t\t<div class=\"elementor-widget-container\">\n\t\t\t\t\t\t\t\t\t\n<div id=\"wp-block-themeisle-blocks-advanced-columns-52e147ee\" class=\"wp-block-themeisle-blocks-advanced-columns has-0-columns has-desktop-undefined-layout has-tablet-equal-layout has-mobile-equal-layout has-vertical-unset\"><div class=\"wp-block-themeisle-blocks-advanced-columns-overlay\"><\/div><div class=\"innerblocks-wrap\"><\/div><\/div>\n\t\t\t\t\t\t\t\t<\/div>\n\t\t\t\t<\/div>\n\t\t\t\t\t<\/div>\n\t\t<\/div>\n\t\t\t\t\t<\/div>\n\t\t<\/section>\n\t\t\t\t<section class=\"elementor-section elementor-top-section elementor-element elementor-element-7fb680f elementor-section-boxed elementor-section-height-default elementor-section-height-default\" data-id=\"7fb680f\" data-element_type=\"section\" data-e-type=\"section\">\n\t\t\t\t\t\t<div class=\"elementor-container elementor-column-gap-default\">\n\t\t\t\t\t<div class=\"elementor-column elementor-col-100 elementor-top-column elementor-element elementor-element-2ef6764\" data-id=\"2ef6764\" data-element_type=\"column\" data-e-type=\"column\">\n\t\t\t<div class=\"elementor-widget-wrap elementor-element-populated\">\n\t\t\t\t\t\t<div class=\"elementor-element elementor-element-8f9a7aa elementor-widget elementor-widget-heading\" data-id=\"8f9a7aa\" data-element_type=\"widget\" data-e-type=\"widget\" data-widget_type=\"heading.default\">\n\t\t\t\t<div class=\"elementor-widget-container\">\n\t\t\t\t\t<h1 class=\"elementor-heading-title elementor-size-large\">Mentions l\u00e9gales AGNR RENOV<\/h1>\t\t\t\t<\/div>\n\t\t\t\t<\/div>\n\t\t\t\t\t<\/div>\n\t\t<\/div>\n\t\t\t\t\t<\/div>\n\t\t<\/section>\n\t\t\t\t<section class=\"elementor-section elementor-top-section elementor-element elementor-element-b4bebfa elementor-section-boxed elementor-section-height-default elementor-section-height-default\" data-id=\"b4bebfa\" data-element_type=\"section\" data-e-type=\"section\">\n\t\t\t\t\t\t<div class=\"elementor-container elementor-column-gap-default\">\n\t\t\t\t\t<div class=\"elementor-column elementor-col-100 elementor-top-column elementor-element elementor-element-6a7b2fc\" data-id=\"6a7b2fc\" data-element_type=\"column\" data-e-type=\"column\">\n\t\t\t<div class=\"elementor-widget-wrap elementor-element-populated\">\n\t\t\t\t\t\t<div class=\"elementor-element elementor-element-95edcc5 elementor-widget elementor-widget-text-editor\" data-id=\"95edcc5\" data-element_type=\"widget\" data-e-type=\"widget\" data-widget_type=\"text-editor.default\">\n\t\t\t\t<div class=\"elementor-widget-container\">\n\t\t\t\t\t\t\t\t\t<h2>1.<b> Informations relatives \u00e0 l\u2019\u00e9dition et la publication<\/b><\/h2>\n<p>Le pr\u00e9sent site est \u00e9dit\u00e9 par AGNR RENOV, <a class=\"ft-bold grey7\" href=\"https:\/\/www.societe.com\/societe\/agnr-renov-901869321.html\">AGNR RENOV<\/a>, soci\u00e9t\u00e9 \u00e0 responsabilit\u00e9 limit\u00e9e, immatricul\u00e9e sous le SIREN 901869321, est en activit\u00e9 depuis 2021. Localis\u00e9e \u00e0 VIROFLAY (78220) <a class=\"Lien secondaire\" href=\"https:\/\/www.societe.com\/entreprises\/3_rue%20henri%20welschinger\/78220_VIROFLAY.html\">3 RUE HENRI WELSCHINGER 78220 VIROFLAY<\/a> e-mail : <a href=\"mailto:agnr.idf@yahoo.com\"><span style=\"font-weight: 400;\">agnr.idf@yahoo.com<\/span><\/a>, t\u00e9l\u00e9phone 07 69 43 15 36, num\u00e9ro TVA intracommunautaire FR70901869321.<\/p>\n<h2><b>2. H\u00e9bergement<\/b><\/h2>\n<p>L\u2019h\u00e9bergement du site est assur\u00e9 par la soci\u00e9t\u00e9 Hostinger.<\/p>\n<h2><b>3. Conditions g\u00e9n\u00e9rales d\u2019utilisation<\/b><\/h2>\n<p>L\u2019utilisateur reconna\u00eet avoir pris connaissance des pr\u00e9sentes conditions g\u00e9n\u00e9rales d\u2019utilisation et s\u2019engage \u00e0 les respecter.<\/p>\n<p>L\u2019utilisateur reconna\u00eet disposer de la comp\u00e9tence et des moyens n\u00e9cessaires pour acc\u00e9der et utiliser ce site.<\/p>\n<p>L\u2019utilisateur s\u2019engage \u00e0 consulter r\u00e9guli\u00e8rement les pr\u00e9sentes mentions.<\/p>\n<p>L\u2019utilisateur reconna\u00eet avoir v\u00e9rifi\u00e9 que la configuration informatique utilis\u00e9e ne contient aucun virus et qu\u2019elle est en parfait \u00e9tat de fonctionnement.<\/p>\n<p>AGNR met tout en \u0153uvre pour offrir aux utilisateurs des informations ou des outils disponibles et v\u00e9rifi\u00e9s mais ne saurait \u00eatre tenue pour responsable des erreurs, d\u2019une absence de disponibilit\u00e9 des fonctionnalit\u00e9s ou de la pr\u00e9sence de virus sur son site.<\/p>\n<p>Les informations fournies par AGNR le sont \u00e0 titre indicatif et de renseignements g\u00e9n\u00e9raux, et ne sauraient dispenser l\u2019utilisateur d\u2019une analyse compl\u00e9mentaire et personnalis\u00e9e.<\/p>\n<p>AGNR ne saurait garantir l\u2019exactitude, la compl\u00e9tude, l\u2019actualit\u00e9 des informations diffus\u00e9es sur son site.<\/p>\n<p>AGNR fait tout son possible pour veiller \u00e0 l\u2019exactitude et \u00e0 la v\u00e9racit\u00e9 des renseignements contenus sur le site et ne peut aucunement \u00eatre tenue responsable de tout pr\u00e9judice pouvant \u00eatre caus\u00e9 par l\u2019utilisation de ce site.<\/p>\n<p>AGNR fait appel \u00e0 des sources fiables afin que les renseignements accessibles sur le site soient exacts et r\u00e9guli\u00e8rement tenus \u00e0 jour.<\/p>\n<p>AGNR se r\u00e9serve le droit de supprimer, changer ou modifier ce site en tout temps et sans pr\u00e9avis.<\/p>\n<p>AGNR ne peut \u00eatre tenue responsable d\u2019aucun pr\u00e9judice, notamment de pr\u00e9judices r\u00e9sultant de la transmission de documents sur Internet.<\/p>\n<p>AGNR se r\u00e9serve le droit de r\u00e9viser, supprimer, modifier, valider ou changer, int\u00e9gralement ou en partie, tout contenu envoy\u00e9 au site ou affich\u00e9 sur celui-ci.<\/p>\n<p>En cons\u00e9quence, l\u2019utilisateur reconna\u00eet utiliser ces informations sous sa responsabilit\u00e9 exclusive.<\/p>\n<h2><b>4. Cr\u00e9dits et propri\u00e9t\u00e9 intellectuelle<\/b><\/h2>\n<p>Ce site web et l\u2019ensemble de ses contenus sont la propri\u00e9t\u00e9 exclusive de AGNR RENOV et constituent une \u0153uvre dont AGNR RENOV est l\u2019auteur au sens des dispositions du Code de la propri\u00e9t\u00e9 intellectuelle.<\/p>\n<p>Tous les droits aff\u00e9rents au site sont la propri\u00e9t\u00e9 de AGNR RENOV. Il en est ainsi de l\u2019ensemble des \u00e9l\u00e9ments concourant \u00e0 la r\u00e9alisation du site et \u00e0 son animation, notamment les logiciels, textes, savoir-faire, structure du site, principes de navigation, ergonomie, look and feel, rubricage, tous les \u00e9l\u00e9ments d\u2019ordre contractuel et formulaires et tous les autres \u00e9l\u00e9ments composant le site.<\/p>\n<p>Le site a \u00e9t\u00e9 cr\u00e9\u00e9 et d\u00e9velopp\u00e9 par AGNR RENOV.<\/p>\n<p>AGNR RENOV accorde \u00e0 tout utilisateur un droit personnel, non exclusif et non cessible d\u2019utiliser le site. Ce droit n\u2019entra\u00eene aucune cession de droits de propri\u00e9t\u00e9 intellectuelle de quelque nature que ce soit.<\/p>\n<p>Toute repr\u00e9sentation totale ou partielle de ce site ou l\u2019un de ses contenus par quelque personne que ce soit, sans l\u2019autorisation expresse de AGNR RENOV est interdite et constituerait une contrefa\u00e7on sanctionn\u00e9e par les articles L. 335-2 et suivants du Code de la propri\u00e9t\u00e9 intellectuelle. Il en est de m\u00eame des bases de donn\u00e9es figurant sur le site internet et plus particuli\u00e8rement la base WHOIS qui sont prot\u00e9g\u00e9es par les articles L. 341-1 et suivants du Code de la propri\u00e9t\u00e9 intellectuelle.<\/p>\n<p>Les signes distinctifs de AGNR RENOV et de ses partenaires, tels que les noms de domaine, marque, d\u00e9nomination ainsi que les logos figurant sur le site sont prot\u00e9g\u00e9s par le Code de la propri\u00e9t\u00e9 intellectuelle.<\/p>\n<p>Toute reproduction totale ou partielle de l\u2019un de ces signes effectu\u00e9e \u00e0 partir des \u00e9l\u00e9ments du site sans l\u2019autorisation expresse de AGNR RENOV est donc prohib\u00e9e, au sens du Code de la propri\u00e9t\u00e9 intellectuelle.<\/p>\n<h2><b>5. Donn\u00e9es personnelles\u00a0<\/b><\/h2>\n<p>AGNR RENOV ne collecte vos donn\u00e9es personnelles que lorsque c\u2019est n\u00e9cessaire de fa\u00e7on proportionnelle et pertinente aux finalit\u00e9s d\u00e9termin\u00e9es dans le respect des dispositions en vigueur pour la protection des donn\u00e9es \u00e0 caract\u00e8re personnel et, en particulier, du r\u00e8glement (UE) 2016\/679 du Parlement europ\u00e9en et du Conseil du 27 avril 2016 applicable \u00e0 compter du 25 mai 2018.<\/p>\n<p>Nous vous invitons \u00e0 prendre connaissance de toutes les informations d\u00e9taill\u00e9es sur les traitements de donn\u00e9es personnelles.<\/p>\n<p>L\u2019Utilisateur est tenu de respecter les dispositions en vigueur pour la protection des donn\u00e9es \u00e0 caract\u00e8re personnel dont la violation est passible de sanctions p\u00e9nales. L\u2019Utilisateur doit notamment s\u2019abstenir, s\u2019agissant des informations \u00e0 caract\u00e8re personnel auxquelles il acc\u00e8de ou pourrait acc\u00e9der, de toute collecte, de toute utilisation d\u00e9tourn\u00e9e d\u2019une mani\u00e8re g\u00e9n\u00e9rale, de tout acte susceptible de porter atteinte \u00e0 la vie priv\u00e9e ou \u00e0 la r\u00e9putation des personnes.<\/p>\n<h2><b>7. Hyperliens<\/b><\/h2>\n<p>AGNR RENOV d\u00e9cline toute responsabilit\u00e9 quant \u00e0 l\u2019acc\u00e8s aux informations externes et leurs contenus disponibles depuis les liens hypertextes pr\u00e9sents sur son site.\u00a0<\/p>\n<p>En toute hypoth\u00e8se, les liens hypertextes renvoyant vers son site devront \u00eatre retir\u00e9s \u00e0 premi\u00e8re demande de AGNR RENOV.<\/p>\n<h2><b>8. Conditions sp\u00e9cifiques d\u2019utilisation du site<\/b><\/h2>\n<h3><b>8.1. Espace de consultations publiques<\/b><\/h3>\n<p>L\u2019espace de consultations publiques est accessible \u00e0 tous les utilisateurs sans inscription aux fins de les informer et de les consulter sur des projets de AGNR RENOV.<\/p>\n<p>Pour participer \u00e0 une consultation publique, l\u2019utilisateur renseigne le formulaire de r\u00e9ponse et l\u2019envoie \u00e0 l\u2019adresse email d\u00e9di\u00e9e pendant la p\u00e9riode d\u2019ouverture de ladite consultation.<\/p>\n<p>Les donn\u00e9es \u00e0 caract\u00e8re personnel collect\u00e9es dans le cadre de la participation de l\u2019utilisateur \u00e0 une consultation publique ne sont, et ne seront, ni visibles sur le site, ni publi\u00e9es. Les formulaires de r\u00e9ponse sont exploit\u00e9s de fa\u00e7on anonyme et sont notamment utilis\u00e9s dans l\u2019objectif de produire une synth\u00e8se de la consultation publique.<\/p>\n<p>&nbsp;<\/p>\n<h3><b>8.2. Contenu de l\u2019utilisateur<\/b><\/h3>\n<p>Les contenus envoy\u00e9s par l\u2019utilisateur dans le cadre de la consultation publique peuvent \u00eatre librement exploit\u00e9s par AGNR RENOV \u00e0 toutes fins. Dans l\u2019hypoth\u00e8se o\u00f9 des droits de propri\u00e9t\u00e9 intellectuelle devaient \u00eatre reconnus sur ces contenus, l\u2019utilisateur de par sa participation \u00e0 la consultation publique, c\u00e8de \u00e0 titre gracieux et pour toute leur dur\u00e9e, tous les droits d\u2019exploitation sur ces contenus tels que notamment les droits de reproduction, repr\u00e9sentation, adaptation, diffusion, utilisation, \u00e0 titre commercial ou non sur tous supports et par tous moyens.<\/p>\n<h2>\u00a0<\/h2>\t\t\t\t\t\t\t\t<\/div>\n\t\t\t\t<\/div>\n\t\t\t\t<div class=\"elementor-element elementor-element-711f6d1 elementor-widget elementor-widget-heading\" data-id=\"711f6d1\" data-element_type=\"widget\" data-e-type=\"widget\" data-widget_type=\"heading.default\">\n\t\t\t\t<div class=\"elementor-widget-container\">\n\t\t\t\t\t<h1 class=\"elementor-heading-title elementor-size-large\">AGNR Entreprise de r\u00e9novation d'int\u00e9rieur des Yvelines<\/h1>\t\t\t\t<\/div>\n\t\t\t\t<\/div>\n\t\t\t\t\t<\/div>\n\t\t<\/div>\n\t\t\t\t\t<\/div>\n\t\t<\/section>\n\t\t\t\t<\/div>\n\t\t","protected":false},"excerpt":{"rendered":"<p>Mentions l\u00e9gales AGNR RENOV 1. Informations relatives \u00e0 l\u2019\u00e9dition et la publication Le pr\u00e9sent site est \u00e9dit\u00e9 par AGNR RENOV, AGNR RENOV, soci\u00e9t\u00e9 \u00e0 responsabilit\u00e9 limit\u00e9e, immatricul\u00e9e sous le SIREN 901869321, est en activit\u00e9 depuis 2021. Localis\u00e9e \u00e0 VIROFLAY (78220) 3 RUE HENRI WELSCHINGER 78220 VIROFLAY e-mail : agnr.idf@yahoo.com, t\u00e9l\u00e9phone 07 69 43 15 36, &hellip;<\/p>\n<p class=\"read-more\"> <a class=\"\" href=\"https:\/\/agnr-renov.fr\/index.php\/mentions-legales-agnr\/\"> <span class=\"screen-reader-text\">Mentions l\u00e9gales AGNR<\/span> Lire la suite\u00a0\u00bb<\/a><\/p>\n","protected":false},"author":1,"featured_media":0,"parent":0,"menu_order":0,"comment_status":"closed","ping_status":"closed","template":"","meta":{"site-sidebar-layout":"default","site-content-layout":"default","ast-global-header-display":"","ast-main-header-display":"","ast-hfb-above-header-display":"","ast-hfb-below-header-display":"","ast-hfb-mobile-header-display":"","site-post-title":"disabled","ast-breadcrumbs-content":"","ast-featured-img":"","footer-sml-layout":"","theme-transparent-header-meta":"","adv-header-id-meta":"","stick-header-meta":"","header-above-stick-meta":"","header-main-stick-meta":"","header-below-stick-meta":"","footnotes":""},"class_list":["post-827","page","type-page","status-publish","hentry"],"yoast_head":"<!-- This site is optimized with the Yoast SEO plugin v27.5 - https:\/\/yoast.com\/product\/yoast-seo-wordpress\/ -->\n<title>Mentions l\u00e9gales AGNR - AGNR Renov<\/title>\n<meta name=\"robots\" content=\"index, follow, max-snippet:-1, max-image-preview:large, max-video-preview:-1\" \/>\n<link rel=\"canonical\" href=\"https:\/\/agnr-renov.fr\/index.php\/mentions-legales-agnr\/\" \/>\n<meta property=\"og:locale\" content=\"fr_FR\" \/>\n<meta property=\"og:type\" content=\"article\" \/>\n<meta property=\"og:title\" content=\"Mentions l\u00e9gales AGNR - AGNR Renov\" \/>\n<meta property=\"og:description\" content=\"Mentions l\u00e9gales AGNR RENOV 1. Informations relatives \u00e0 l\u2019\u00e9dition et la publication Le pr\u00e9sent site est \u00e9dit\u00e9 par AGNR RENOV, AGNR RENOV, soci\u00e9t\u00e9 \u00e0 responsabilit\u00e9 limit\u00e9e, immatricul\u00e9e sous le SIREN 901869321, est en activit\u00e9 depuis 2021. Localis\u00e9e \u00e0 VIROFLAY (78220) 3 RUE HENRI WELSCHINGER 78220 VIROFLAY e-mail : agnr.idf@yahoo.com, t\u00e9l\u00e9phone 07 69 43 15 36, &hellip; Mentions l\u00e9gales AGNR Lire la suite\u00a0\u00bb\" \/>\n<meta property=\"og:url\" content=\"https:\/\/agnr-renov.fr\/index.php\/mentions-legales-agnr\/\" \/>\n<meta property=\"og:site_name\" content=\"AGNR Renov\" \/>\n<meta property=\"article:modified_time\" content=\"2022-10-23T10:04:07+00:00\" \/>\n<meta name=\"twitter:card\" content=\"summary_large_image\" \/>\n<meta name=\"twitter:label1\" content=\"Dur\u00e9e de lecture estim\u00e9e\" \/>\n\t<meta name=\"twitter:data1\" content=\"6 minutes\" \/>\n<script type=\"application\/ld+json\" class=\"yoast-schema-graph\">{\"@context\":\"https:\\\/\\\/schema.org\",\"@graph\":[{\"@type\":\"WebPage\",\"@id\":\"https:\\\/\\\/agnr-renov.fr\\\/index.php\\\/mentions-legales-agnr\\\/\",\"url\":\"https:\\\/\\\/agnr-renov.fr\\\/index.php\\\/mentions-legales-agnr\\\/\",\"name\":\"Mentions l\u00e9gales AGNR - AGNR Renov\",\"isPartOf\":{\"@id\":\"https:\\\/\\\/agnr-renov.fr\\\/#website\"},\"datePublished\":\"2022-10-23T09:59:19+00:00\",\"dateModified\":\"2022-10-23T10:04:07+00:00\",\"breadcrumb\":{\"@id\":\"https:\\\/\\\/agnr-renov.fr\\\/index.php\\\/mentions-legales-agnr\\\/#breadcrumb\"},\"inLanguage\":\"fr-FR\",\"potentialAction\":[{\"@type\":\"ReadAction\",\"target\":[\"https:\\\/\\\/agnr-renov.fr\\\/index.php\\\/mentions-legales-agnr\\\/\"]}]},{\"@type\":\"BreadcrumbList\",\"@id\":\"https:\\\/\\\/agnr-renov.fr\\\/index.php\\\/mentions-legales-agnr\\\/#breadcrumb\",\"itemListElement\":[{\"@type\":\"ListItem\",\"position\":1,\"name\":\"Home\",\"item\":\"https:\\\/\\\/agnr-renov.fr\\\/\"},{\"@type\":\"ListItem\",\"position\":2,\"name\":\"Mentions l\u00e9gales AGNR\"}]},{\"@type\":\"WebSite\",\"@id\":\"https:\\\/\\\/agnr-renov.fr\\\/#website\",\"url\":\"https:\\\/\\\/agnr-renov.fr\\\/\",\"name\":\"AGNR Renov\",\"description\":\"AGNR Renov\",\"publisher\":{\"@id\":\"https:\\\/\\\/agnr-renov.fr\\\/#organization\"},\"potentialAction\":[{\"@type\":\"SearchAction\",\"target\":{\"@type\":\"EntryPoint\",\"urlTemplate\":\"https:\\\/\\\/agnr-renov.fr\\\/?s={search_term_string}\"},\"query-input\":{\"@type\":\"PropertyValueSpecification\",\"valueRequired\":true,\"valueName\":\"search_term_string\"}}],\"inLanguage\":\"fr-FR\"},{\"@type\":\"Organization\",\"@id\":\"https:\\\/\\\/agnr-renov.fr\\\/#organization\",\"name\":\"AGNR Renov\",\"url\":\"https:\\\/\\\/agnr-renov.fr\\\/\",\"logo\":{\"@type\":\"ImageObject\",\"inLanguage\":\"fr-FR\",\"@id\":\"https:\\\/\\\/agnr-renov.fr\\\/#\\\/schema\\\/logo\\\/image\\\/\",\"url\":\"http:\\\/\\\/agnr-renov.fr\\\/wp-content\\\/uploads\\\/2022\\\/11\\\/IMG-20221122-WA0001-removebg-preview.png\",\"contentUrl\":\"http:\\\/\\\/agnr-renov.fr\\\/wp-content\\\/uploads\\\/2022\\\/11\\\/IMG-20221122-WA0001-removebg-preview.png\",\"width\":543,\"height\":459,\"caption\":\"AGNR Renov\"},\"image\":{\"@id\":\"https:\\\/\\\/agnr-renov.fr\\\/#\\\/schema\\\/logo\\\/image\\\/\"}}]}<\/script>\n<!-- \/ Yoast SEO plugin. -->","yoast_head_json":{"title":"Mentions l\u00e9gales AGNR - AGNR Renov","robots":{"index":"index","follow":"follow","max-snippet":"max-snippet:-1","max-image-preview":"max-image-preview:large","max-video-preview":"max-video-preview:-1"},"canonical":"https:\/\/agnr-renov.fr\/index.php\/mentions-legales-agnr\/","og_locale":"fr_FR","og_type":"article","og_title":"Mentions l\u00e9gales AGNR - AGNR Renov","og_description":"Mentions l\u00e9gales AGNR RENOV 1. Informations relatives \u00e0 l\u2019\u00e9dition et la publication Le pr\u00e9sent site est \u00e9dit\u00e9 par AGNR RENOV, AGNR RENOV, soci\u00e9t\u00e9 \u00e0 responsabilit\u00e9 limit\u00e9e, immatricul\u00e9e sous le SIREN 901869321, est en activit\u00e9 depuis 2021. Localis\u00e9e \u00e0 VIROFLAY (78220) 3 RUE HENRI WELSCHINGER 78220 VIROFLAY e-mail : agnr.idf@yahoo.com, t\u00e9l\u00e9phone 07 69 43 15 36, &hellip; Mentions l\u00e9gales AGNR Lire la suite\u00a0\u00bb","og_url":"https:\/\/agnr-renov.fr\/index.php\/mentions-legales-agnr\/","og_site_name":"AGNR Renov","article_modified_time":"2022-10-23T10:04:07+00:00","twitter_card":"summary_large_image","twitter_misc":{"Dur\u00e9e de lecture estim\u00e9e":"6 minutes"},"schema":{"@context":"https:\/\/schema.org","@graph":[{"@type":"WebPage","@id":"https:\/\/agnr-renov.fr\/index.php\/mentions-legales-agnr\/","url":"https:\/\/agnr-renov.fr\/index.php\/mentions-legales-agnr\/","name":"Mentions l\u00e9gales AGNR - AGNR Renov","isPartOf":{"@id":"https:\/\/agnr-renov.fr\/#website"},"datePublished":"2022-10-23T09:59:19+00:00","dateModified":"2022-10-23T10:04:07+00:00","breadcrumb":{"@id":"https:\/\/agnr-renov.fr\/index.php\/mentions-legales-agnr\/#breadcrumb"},"inLanguage":"fr-FR","potentialAction":[{"@type":"ReadAction","target":["https:\/\/agnr-renov.fr\/index.php\/mentions-legales-agnr\/"]}]},{"@type":"BreadcrumbList","@id":"https:\/\/agnr-renov.fr\/index.php\/mentions-legales-agnr\/#breadcrumb","itemListElement":[{"@type":"ListItem","position":1,"name":"Home","item":"https:\/\/agnr-renov.fr\/"},{"@type":"ListItem","position":2,"name":"Mentions l\u00e9gales AGNR"}]},{"@type":"WebSite","@id":"https:\/\/agnr-renov.fr\/#website","url":"https:\/\/agnr-renov.fr\/","name":"AGNR Renov","description":"AGNR Renov","publisher":{"@id":"https:\/\/agnr-renov.fr\/#organization"},"potentialAction":[{"@type":"SearchAction","target":{"@type":"EntryPoint","urlTemplate":"https:\/\/agnr-renov.fr\/?s={search_term_string}"},"query-input":{"@type":"PropertyValueSpecification","valueRequired":true,"valueName":"search_term_string"}}],"inLanguage":"fr-FR"},{"@type":"Organization","@id":"https:\/\/agnr-renov.fr\/#organization","name":"AGNR Renov","url":"https:\/\/agnr-renov.fr\/","logo":{"@type":"ImageObject","inLanguage":"fr-FR","@id":"https:\/\/agnr-renov.fr\/#\/schema\/logo\/image\/","url":"http:\/\/agnr-renov.fr\/wp-content\/uploads\/2022\/11\/IMG-20221122-WA0001-removebg-preview.png","contentUrl":"http:\/\/agnr-renov.fr\/wp-content\/uploads\/2022\/11\/IMG-20221122-WA0001-removebg-preview.png","width":543,"height":459,"caption":"AGNR Renov"},"image":{"@id":"https:\/\/agnr-renov.fr\/#\/schema\/logo\/image\/"}}]}},"_links":{"self":[{"href":"https:\/\/agnr-renov.fr\/index.php\/wp-json\/wp\/v2\/pages\/827","targetHints":{"allow":["GET"]}}],"collection":[{"href":"https:\/\/agnr-renov.fr\/index.php\/wp-json\/wp\/v2\/pages"}],"about":[{"href":"https:\/\/agnr-renov.fr\/index.php\/wp-json\/wp\/v2\/types\/page"}],"author":[{"embeddable":true,"href":"https:\/\/agnr-renov.fr\/index.php\/wp-json\/wp\/v2\/users\/1"}],"replies":[{"embeddable":true,"href":"https:\/\/agnr-renov.fr\/index.php\/wp-json\/wp\/v2\/comments?post=827"}],"version-history":[{"count":8,"href":"https:\/\/agnr-renov.fr\/index.php\/wp-json\/wp\/v2\/pages\/827\/revisions"}],"predecessor-version":[{"id":837,"href":"https:\/\/agnr-renov.fr\/index.php\/wp-json\/wp\/v2\/pages\/827\/revisions\/837"}],"wp:attachment":[{"href":"https:\/\/agnr-renov.fr\/index.php\/wp-json\/wp\/v2\/media?parent=827"}],"curies":[{"name":"wp","href":"https:\/\/api.w.org\/{rel}","templated":true}]}}