{"id":956,"date":"2022-10-23T21:04:41","date_gmt":"2022-10-23T19:04:41","guid":{"rendered":"https:\/\/agnr-renov.fr\/?page_id=956"},"modified":"2026-03-23T19:01:05","modified_gmt":"2026-03-23T18:01:05","slug":"lhistoire","status":"publish","type":"page","link":"https:\/\/agnr-renov.fr\/index.php\/lhistoire\/","title":{"rendered":"L&rsquo;histoire"},"content":{"rendered":"\t\t<div data-elementor-type=\"wp-page\" data-elementor-id=\"956\" class=\"elementor elementor-956\">\n\t\t\t\t\t\t<section class=\"elementor-section elementor-top-section elementor-element elementor-element-24e753e elementor-section-full_width elementor-section-height-default elementor-section-height-default\" data-id=\"24e753e\" data-element_type=\"section\" data-e-type=\"section\">\n\t\t\t\t\t\t<div class=\"elementor-container elementor-column-gap-default\">\n\t\t\t\t\t<div class=\"elementor-column elementor-col-33 elementor-top-column elementor-element elementor-element-6360b05\" data-id=\"6360b05\" data-element_type=\"column\" data-e-type=\"column\" data-settings=\"{&quot;background_background&quot;:&quot;classic&quot;}\">\n\t\t\t<div class=\"elementor-widget-wrap elementor-element-populated\">\n\t\t\t\t\t\t<div class=\"elementor-element elementor-element-5a278df elementor-widget elementor-widget-image\" data-id=\"5a278df\" data-element_type=\"widget\" data-e-type=\"widget\" data-widget_type=\"image.default\">\n\t\t\t\t<div class=\"elementor-widget-container\">\n\t\t\t\t\t\t\t\t\t\t\t\t\t\t\t<img fetchpriority=\"high\" decoding=\"async\" width=\"543\" height=\"459\" src=\"https:\/\/agnr-renov.fr\/wp-content\/uploads\/2022\/11\/IMG-20221122-WA0001-removebg-preview.png\" class=\"attachment-medium_large size-medium_large wp-image-1394\" alt=\"\" srcset=\"https:\/\/agnr-renov.fr\/wp-content\/uploads\/2022\/11\/IMG-20221122-WA0001-removebg-preview.png 543w, https:\/\/agnr-renov.fr\/wp-content\/uploads\/2022\/11\/IMG-20221122-WA0001-removebg-preview-300x254.png 300w\" sizes=\"(max-width: 543px) 100vw, 543px\" \/>\t\t\t\t\t\t\t\t\t\t\t\t\t\t\t<\/div>\n\t\t\t\t<\/div>\n\t\t\t\t\t<\/div>\n\t\t<\/div>\n\t\t\t\t<div class=\"elementor-column elementor-col-66 elementor-top-column elementor-element elementor-element-2fc4b51\" data-id=\"2fc4b51\" data-element_type=\"column\" data-e-type=\"column\" data-settings=\"{&quot;background_background&quot;:&quot;classic&quot;}\">\n\t\t\t<div class=\"elementor-widget-wrap elementor-element-populated\">\n\t\t\t\t\t\t<div class=\"elementor-element elementor-element-26de0ff elementor-widget elementor-widget-heading\" data-id=\"26de0ff\" data-element_type=\"widget\" data-e-type=\"widget\" data-widget_type=\"heading.default\">\n\t\t\t\t<div class=\"elementor-widget-container\">\n\t\t\t\t\t<h3 class=\"elementor-heading-title elementor-size-default\">L'histoire de l'entreprise AGNR ? <\/h3>\t\t\t\t<\/div>\n\t\t\t\t<\/div>\n\t\t\t\t<div class=\"elementor-element elementor-element-b4e49d3 elementor-widget__width-initial elementor-widget elementor-widget-text-editor\" data-id=\"b4e49d3\" data-element_type=\"widget\" data-e-type=\"widget\" data-widget_type=\"text-editor.default\">\n\t\t\t\t<div class=\"elementor-widget-container\">\n\t\t\t\t\t\t\t\t\t<p class=\"cvGsUA direction-ltr align-center para-style-body\"><span class=\"a_GcMg font-feature-liga-off font-feature-clig-off font-feature-calt-off text-decoration-none text-strikethrough-none\">AGNR RENOV est n\u00e9e d\u2019une <strong>amiti\u00e9 de longue date<\/strong> entre deux jeunes hommes originaires de Viroflay, dans les Yvelines.<\/span><\/p><p class=\"cvGsUA direction-ltr align-center para-style-body\"><span class=\"a_GcMg font-feature-liga-off font-feature-clig-off font-feature-calt-off text-decoration-none text-strikethrough-none\">Tout commence sur les bancs du coll\u00e8ge, o\u00f9 <strong>Aur\u00e9lien Gruel et Nicolas Robin<\/strong> se rencontrent et tissent un lien qui traversera les ann\u00e9es.<\/span><\/p><p class=\"cvGsUA direction-ltr align-center para-style-body\"><span class=\"a_GcMg font-feature-liga-off font-feature-clig-off font-feature-calt-off text-decoration-none text-strikethrough-none\">Apr\u00e8s leurs \u00e9tudes, chacun suit son propre chemin et se <strong>forme dans son domaine<\/strong> de sp\u00e9cialit\u00e9 du b\u00e2timent, au sein d\u2019entreprises reconnues des Yvelines.<\/span><\/p><p class=\"cvGsUA direction-ltr align-center para-style-body\"><span class=\"a_GcMg font-feature-liga-off font-feature-clig-off font-feature-calt-off text-decoration-none text-strikethrough-none\">Pendant plusieurs ann\u00e9es, ils <strong>d\u00e9veloppent<\/strong> leurs comp\u00e9tences, <strong>acqui\u00e8rent<\/strong> de l\u2019exp\u00e9rience et affinent leur exigence du travail bien fait.<\/span><\/p><p class=\"cvGsUA direction-ltr align-center para-style-body\"><span class=\"a_GcMg font-feature-liga-off font-feature-clig-off font-feature-calt-off text-decoration-none text-strikethrough-none\">Avec le temps, une \u00e9vidence s\u2019impose, unir leurs savoir-faire pour cr\u00e9er une entreprise \u00e0 leur image.<\/span><\/p><p class=\"cvGsUA direction-ltr align-center para-style-body\"><span class=\"a_GcMg font-feature-liga-off font-feature-clig-off font-feature-calt-off text-decoration-none text-strikethrough-none\">AGNR RENOV voit alors le jour, port\u00e9e par des <strong>valeurs communes<\/strong>, s\u00e9rieux, engagement, passion et sens du d\u00e9tail.<\/span><\/p><p class=\"cvGsUA direction-ltr align-center para-style-body\"><span class=\"a_GcMg font-feature-liga-off font-feature-clig-off font-feature-calt-off text-decoration-none text-strikethrough-none\">Aujourd\u2019hui, Aur\u00e9lien et Nicolas <strong>continuent de d\u00e9velopper<\/strong> leur entreprise avec la m\u00eame exigence qu\u2019\u00e0 leurs d\u00e9buts, en s\u2019entourant de <strong>professionnels qualifi\u00e9s<\/strong>, afin de garantir des <strong>travaux de qualit\u00e9<\/strong>, durables et r\u00e9alis\u00e9s dans le respect de leurs engagements.<\/span><\/p>\t\t\t\t\t\t\t\t<\/div>\n\t\t\t\t<\/div>\n\t\t\t\t\t<\/div>\n\t\t<\/div>\n\t\t\t\t\t<\/div>\n\t\t<\/section>\n\t\t\t\t<section class=\"elementor-section elementor-top-section elementor-element elementor-element-9caf1dc elementor-section-boxed elementor-section-height-default elementor-section-height-default\" data-id=\"9caf1dc\" data-element_type=\"section\" data-e-type=\"section\">\n\t\t\t\t\t\t<div class=\"elementor-container elementor-column-gap-default\">\n\t\t\t\t\t<div class=\"elementor-column elementor-col-100 elementor-top-column elementor-element elementor-element-1994790\" data-id=\"1994790\" data-element_type=\"column\" data-e-type=\"column\">\n\t\t\t<div class=\"elementor-widget-wrap elementor-element-populated\">\n\t\t\t\t\t\t<div class=\"elementor-element elementor-element-e1e87c9 elementor-align-center elementor-widget elementor-widget-button\" data-id=\"e1e87c9\" data-element_type=\"widget\" data-e-type=\"widget\" data-widget_type=\"button.default\">\n\t\t\t\t<div class=\"elementor-widget-container\">\n\t\t\t\t\t\t\t\t\t<div class=\"elementor-button-wrapper\">\n\t\t\t\t\t<a class=\"elementor-button elementor-button-link elementor-size-md\" href=\"https:\/\/agnr-renov.fr\/index.php\/services\/\">\n\t\t\t\t\t\t<span class=\"elementor-button-content-wrapper\">\n\t\t\t\t\t\t\t\t\t<span class=\"elementor-button-text\">D\u00e9couvrez nos domaines d'intervention<\/span>\n\t\t\t\t\t<\/span>\n\t\t\t\t\t<\/a>\n\t\t\t\t<\/div>\n\t\t\t\t\t\t\t\t<\/div>\n\t\t\t\t<\/div>\n\t\t\t\t\t<\/div>\n\t\t<\/div>\n\t\t\t\t\t<\/div>\n\t\t<\/section>\n\t\t\t\t<\/div>\n\t\t","protected":false},"excerpt":{"rendered":"<p>L&rsquo;histoire de l&rsquo;entreprise AGNR ? AGNR RENOV est n\u00e9e d\u2019une amiti\u00e9 de longue date entre deux jeunes hommes originaires de Viroflay, dans les Yvelines. Tout commence sur les bancs du coll\u00e8ge, o\u00f9 Aur\u00e9lien Gruel et Nicolas Robin se rencontrent et tissent un lien qui traversera les ann\u00e9es. Apr\u00e8s leurs \u00e9tudes, chacun suit son propre chemin &hellip;<\/p>\n<p class=\"read-more\"> <a class=\"\" href=\"https:\/\/agnr-renov.fr\/index.php\/lhistoire\/\"> <span class=\"screen-reader-text\">L&rsquo;histoire<\/span> Lire la suite\u00a0\u00bb<\/a><\/p>\n","protected":false},"author":1,"featured_media":0,"parent":0,"menu_order":0,"comment_status":"closed","ping_status":"closed","template":"","meta":{"site-sidebar-layout":"no-sidebar","site-content-layout":"page-builder","ast-global-header-display":"","ast-main-header-display":"","ast-hfb-above-header-display":"","ast-hfb-below-header-display":"","ast-hfb-mobile-header-display":"","site-post-title":"disabled","ast-breadcrumbs-content":"","ast-featured-img":"disabled","footer-sml-layout":"","theme-transparent-header-meta":"","adv-header-id-meta":"","stick-header-meta":"","header-above-stick-meta":"","header-main-stick-meta":"","header-below-stick-meta":"","footnotes":""},"class_list":["post-956","page","type-page","status-publish","hentry"],"yoast_head":"<!-- This site is optimized with the Yoast SEO plugin v27.5 - https:\/\/yoast.com\/product\/yoast-seo-wordpress\/ -->\n<title>L&#039;histoire - AGNR Renov<\/title>\n<meta name=\"robots\" content=\"index, follow, max-snippet:-1, max-image-preview:large, max-video-preview:-1\" \/>\n<link rel=\"canonical\" href=\"https:\/\/agnr-renov.fr\/index.php\/lhistoire\/\" \/>\n<meta property=\"og:locale\" content=\"fr_FR\" \/>\n<meta property=\"og:type\" content=\"article\" \/>\n<meta property=\"og:title\" content=\"L&#039;histoire - AGNR Renov\" \/>\n<meta property=\"og:description\" content=\"L&rsquo;histoire de l&rsquo;entreprise AGNR ? AGNR RENOV est n\u00e9e d\u2019une amiti\u00e9 de longue date entre deux jeunes hommes originaires de Viroflay, dans les Yvelines. Tout commence sur les bancs du coll\u00e8ge, o\u00f9 Aur\u00e9lien Gruel et Nicolas Robin se rencontrent et tissent un lien qui traversera les ann\u00e9es. Apr\u00e8s leurs \u00e9tudes, chacun suit son propre chemin &hellip; L&rsquo;histoire Lire la suite\u00a0\u00bb\" \/>\n<meta property=\"og:url\" content=\"https:\/\/agnr-renov.fr\/index.php\/lhistoire\/\" \/>\n<meta property=\"og:site_name\" content=\"AGNR Renov\" \/>\n<meta property=\"article:modified_time\" content=\"2026-03-23T18:01:05+00:00\" \/>\n<meta property=\"og:image\" content=\"http:\/\/agnr-renov.fr\/wp-content\/uploads\/2022\/11\/IMG-20221122-WA0001-removebg-preview.png\" \/>\n<meta name=\"twitter:card\" content=\"summary_large_image\" \/>\n<meta name=\"twitter:label1\" content=\"Dur\u00e9e de lecture estim\u00e9e\" \/>\n\t<meta name=\"twitter:data1\" content=\"2 minutes\" \/>\n<script type=\"application\/ld+json\" class=\"yoast-schema-graph\">{\"@context\":\"https:\\\/\\\/schema.org\",\"@graph\":[{\"@type\":\"WebPage\",\"@id\":\"https:\\\/\\\/agnr-renov.fr\\\/index.php\\\/lhistoire\\\/\",\"url\":\"https:\\\/\\\/agnr-renov.fr\\\/index.php\\\/lhistoire\\\/\",\"name\":\"L'histoire - AGNR Renov\",\"isPartOf\":{\"@id\":\"https:\\\/\\\/agnr-renov.fr\\\/#website\"},\"primaryImageOfPage\":{\"@id\":\"https:\\\/\\\/agnr-renov.fr\\\/index.php\\\/lhistoire\\\/#primaryimage\"},\"image\":{\"@id\":\"https:\\\/\\\/agnr-renov.fr\\\/index.php\\\/lhistoire\\\/#primaryimage\"},\"thumbnailUrl\":\"http:\\\/\\\/agnr-renov.fr\\\/wp-content\\\/uploads\\\/2022\\\/11\\\/IMG-20221122-WA0001-removebg-preview.png\",\"datePublished\":\"2022-10-23T19:04:41+00:00\",\"dateModified\":\"2026-03-23T18:01:05+00:00\",\"breadcrumb\":{\"@id\":\"https:\\\/\\\/agnr-renov.fr\\\/index.php\\\/lhistoire\\\/#breadcrumb\"},\"inLanguage\":\"fr-FR\",\"potentialAction\":[{\"@type\":\"ReadAction\",\"target\":[\"https:\\\/\\\/agnr-renov.fr\\\/index.php\\\/lhistoire\\\/\"]}]},{\"@type\":\"ImageObject\",\"inLanguage\":\"fr-FR\",\"@id\":\"https:\\\/\\\/agnr-renov.fr\\\/index.php\\\/lhistoire\\\/#primaryimage\",\"url\":\"https:\\\/\\\/agnr-renov.fr\\\/wp-content\\\/uploads\\\/2022\\\/11\\\/IMG-20221122-WA0001-removebg-preview.png\",\"contentUrl\":\"https:\\\/\\\/agnr-renov.fr\\\/wp-content\\\/uploads\\\/2022\\\/11\\\/IMG-20221122-WA0001-removebg-preview.png\",\"width\":543,\"height\":459},{\"@type\":\"BreadcrumbList\",\"@id\":\"https:\\\/\\\/agnr-renov.fr\\\/index.php\\\/lhistoire\\\/#breadcrumb\",\"itemListElement\":[{\"@type\":\"ListItem\",\"position\":1,\"name\":\"Home\",\"item\":\"https:\\\/\\\/agnr-renov.fr\\\/\"},{\"@type\":\"ListItem\",\"position\":2,\"name\":\"L&rsquo;histoire\"}]},{\"@type\":\"WebSite\",\"@id\":\"https:\\\/\\\/agnr-renov.fr\\\/#website\",\"url\":\"https:\\\/\\\/agnr-renov.fr\\\/\",\"name\":\"AGNR Renov\",\"description\":\"AGNR Renov\",\"publisher\":{\"@id\":\"https:\\\/\\\/agnr-renov.fr\\\/#organization\"},\"potentialAction\":[{\"@type\":\"SearchAction\",\"target\":{\"@type\":\"EntryPoint\",\"urlTemplate\":\"https:\\\/\\\/agnr-renov.fr\\\/?s={search_term_string}\"},\"query-input\":{\"@type\":\"PropertyValueSpecification\",\"valueRequired\":true,\"valueName\":\"search_term_string\"}}],\"inLanguage\":\"fr-FR\"},{\"@type\":\"Organization\",\"@id\":\"https:\\\/\\\/agnr-renov.fr\\\/#organization\",\"name\":\"AGNR Renov\",\"url\":\"https:\\\/\\\/agnr-renov.fr\\\/\",\"logo\":{\"@type\":\"ImageObject\",\"inLanguage\":\"fr-FR\",\"@id\":\"https:\\\/\\\/agnr-renov.fr\\\/#\\\/schema\\\/logo\\\/image\\\/\",\"url\":\"http:\\\/\\\/agnr-renov.fr\\\/wp-content\\\/uploads\\\/2022\\\/11\\\/IMG-20221122-WA0001-removebg-preview.png\",\"contentUrl\":\"http:\\\/\\\/agnr-renov.fr\\\/wp-content\\\/uploads\\\/2022\\\/11\\\/IMG-20221122-WA0001-removebg-preview.png\",\"width\":543,\"height\":459,\"caption\":\"AGNR Renov\"},\"image\":{\"@id\":\"https:\\\/\\\/agnr-renov.fr\\\/#\\\/schema\\\/logo\\\/image\\\/\"}}]}<\/script>\n<!-- \/ Yoast SEO plugin. -->","yoast_head_json":{"title":"L'histoire - AGNR Renov","robots":{"index":"index","follow":"follow","max-snippet":"max-snippet:-1","max-image-preview":"max-image-preview:large","max-video-preview":"max-video-preview:-1"},"canonical":"https:\/\/agnr-renov.fr\/index.php\/lhistoire\/","og_locale":"fr_FR","og_type":"article","og_title":"L'histoire - AGNR Renov","og_description":"L&rsquo;histoire de l&rsquo;entreprise AGNR ? AGNR RENOV est n\u00e9e d\u2019une amiti\u00e9 de longue date entre deux jeunes hommes originaires de Viroflay, dans les Yvelines. Tout commence sur les bancs du coll\u00e8ge, o\u00f9 Aur\u00e9lien Gruel et Nicolas Robin se rencontrent et tissent un lien qui traversera les ann\u00e9es. Apr\u00e8s leurs \u00e9tudes, chacun suit son propre chemin &hellip; L&rsquo;histoire Lire la suite\u00a0\u00bb","og_url":"https:\/\/agnr-renov.fr\/index.php\/lhistoire\/","og_site_name":"AGNR Renov","article_modified_time":"2026-03-23T18:01:05+00:00","og_image":[{"url":"http:\/\/agnr-renov.fr\/wp-content\/uploads\/2022\/11\/IMG-20221122-WA0001-removebg-preview.png","type":"","width":"","height":""}],"twitter_card":"summary_large_image","twitter_misc":{"Dur\u00e9e de lecture estim\u00e9e":"2 minutes"},"schema":{"@context":"https:\/\/schema.org","@graph":[{"@type":"WebPage","@id":"https:\/\/agnr-renov.fr\/index.php\/lhistoire\/","url":"https:\/\/agnr-renov.fr\/index.php\/lhistoire\/","name":"L'histoire - AGNR Renov","isPartOf":{"@id":"https:\/\/agnr-renov.fr\/#website"},"primaryImageOfPage":{"@id":"https:\/\/agnr-renov.fr\/index.php\/lhistoire\/#primaryimage"},"image":{"@id":"https:\/\/agnr-renov.fr\/index.php\/lhistoire\/#primaryimage"},"thumbnailUrl":"http:\/\/agnr-renov.fr\/wp-content\/uploads\/2022\/11\/IMG-20221122-WA0001-removebg-preview.png","datePublished":"2022-10-23T19:04:41+00:00","dateModified":"2026-03-23T18:01:05+00:00","breadcrumb":{"@id":"https:\/\/agnr-renov.fr\/index.php\/lhistoire\/#breadcrumb"},"inLanguage":"fr-FR","potentialAction":[{"@type":"ReadAction","target":["https:\/\/agnr-renov.fr\/index.php\/lhistoire\/"]}]},{"@type":"ImageObject","inLanguage":"fr-FR","@id":"https:\/\/agnr-renov.fr\/index.php\/lhistoire\/#primaryimage","url":"https:\/\/agnr-renov.fr\/wp-content\/uploads\/2022\/11\/IMG-20221122-WA0001-removebg-preview.png","contentUrl":"https:\/\/agnr-renov.fr\/wp-content\/uploads\/2022\/11\/IMG-20221122-WA0001-removebg-preview.png","width":543,"height":459},{"@type":"BreadcrumbList","@id":"https:\/\/agnr-renov.fr\/index.php\/lhistoire\/#breadcrumb","itemListElement":[{"@type":"ListItem","position":1,"name":"Home","item":"https:\/\/agnr-renov.fr\/"},{"@type":"ListItem","position":2,"name":"L&rsquo;histoire"}]},{"@type":"WebSite","@id":"https:\/\/agnr-renov.fr\/#website","url":"https:\/\/agnr-renov.fr\/","name":"AGNR Renov","description":"AGNR Renov","publisher":{"@id":"https:\/\/agnr-renov.fr\/#organization"},"potentialAction":[{"@type":"SearchAction","target":{"@type":"EntryPoint","urlTemplate":"https:\/\/agnr-renov.fr\/?s={search_term_string}"},"query-input":{"@type":"PropertyValueSpecification","valueRequired":true,"valueName":"search_term_string"}}],"inLanguage":"fr-FR"},{"@type":"Organization","@id":"https:\/\/agnr-renov.fr\/#organization","name":"AGNR Renov","url":"https:\/\/agnr-renov.fr\/","logo":{"@type":"ImageObject","inLanguage":"fr-FR","@id":"https:\/\/agnr-renov.fr\/#\/schema\/logo\/image\/","url":"http:\/\/agnr-renov.fr\/wp-content\/uploads\/2022\/11\/IMG-20221122-WA0001-removebg-preview.png","contentUrl":"http:\/\/agnr-renov.fr\/wp-content\/uploads\/2022\/11\/IMG-20221122-WA0001-removebg-preview.png","width":543,"height":459,"caption":"AGNR Renov"},"image":{"@id":"https:\/\/agnr-renov.fr\/#\/schema\/logo\/image\/"}}]}},"_links":{"self":[{"href":"https:\/\/agnr-renov.fr\/index.php\/wp-json\/wp\/v2\/pages\/956","targetHints":{"allow":["GET"]}}],"collection":[{"href":"https:\/\/agnr-renov.fr\/index.php\/wp-json\/wp\/v2\/pages"}],"about":[{"href":"https:\/\/agnr-renov.fr\/index.php\/wp-json\/wp\/v2\/types\/page"}],"author":[{"embeddable":true,"href":"https:\/\/agnr-renov.fr\/index.php\/wp-json\/wp\/v2\/users\/1"}],"replies":[{"embeddable":true,"href":"https:\/\/agnr-renov.fr\/index.php\/wp-json\/wp\/v2\/comments?post=956"}],"version-history":[{"count":37,"href":"https:\/\/agnr-renov.fr\/index.php\/wp-json\/wp\/v2\/pages\/956\/revisions"}],"predecessor-version":[{"id":2615,"href":"https:\/\/agnr-renov.fr\/index.php\/wp-json\/wp\/v2\/pages\/956\/revisions\/2615"}],"wp:attachment":[{"href":"https:\/\/agnr-renov.fr\/index.php\/wp-json\/wp\/v2\/media?parent=956"}],"curies":[{"name":"wp","href":"https:\/\/api.w.org\/{rel}","templated":true}]}}